{"id":84,"date":"2026-03-14T22:31:22","date_gmt":"2026-03-14T22:31:22","guid":{"rendered":"https:\/\/www.csmt.edu.ar\/nuevaweb\/?page_id=84"},"modified":"2026-03-15T15:41:38","modified_gmt":"2026-03-15T15:41:38","slug":"institucional-historia","status":"publish","type":"page","link":"https:\/\/www.csmt.edu.ar\/nuevaweb\/?page_id=84","title":{"rendered":"Institucional &#8211; Historia"},"content":{"rendered":"<p>[et_pb_section fb_built=\u00bb1&#8243; _builder_version=\u00bb4.27.6&#8243; _module_preset=\u00bbdefault\u00bb background_color=\u00bb#EBC766&#8243; width=\u00bb100%\u00bb max_width=\u00bb100%\u00bb min_height=\u00bb160px\u00bb height=\u00bb160px\u00bb custom_margin=\u00bb0px||0px||true|false\u00bb custom_padding=\u00bb0px||0px||true|false\u00bb global_colors_info=\u00bb{}\u00bb][et_pb_row column_structure=\u00bb3_5,2_5&#8243; _builder_version=\u00bb4.27.6&#8243; _module_preset=\u00bbdefault\u00bb custom_margin=\u00bb0px||||false|false\u00bb custom_padding=\u00bb50px||||false|false\u00bb hover_enabled=\u00bb0&#8243; global_colors_info=\u00bb{}\u00bb sticky_enabled=\u00bb0&#8243;][et_pb_column type=\u00bb3_5&#8243; _builder_version=\u00bb4.27.6&#8243; _module_preset=\u00bbdefault\u00bb global_colors_info=\u00bb{}\u00bb][et_pb_heading title=\u00bbInstitucional\u00bb _builder_version=\u00bb4.27.6&#8243; _module_preset=\u00bbdefault\u00bb title_text_color=\u00bb#162645&#8243; custom_margin=\u00bb0px||0px||true|false\u00bb custom_padding=\u00bb0px||0px||true|false\u00bb global_colors_info=\u00bb{}\u00bb][\/et_pb_heading][et_pb_heading title=\u00bbHistoria\u00bb _builder_version=\u00bb4.27.6&#8243; _module_preset=\u00bbdefault\u00bb title_text_color=\u00bb#162645&#8243; title_font_size=\u00bb17px\u00bb custom_margin=\u00bb0px||0px||true|false\u00bb custom_padding=\u00bb0px||0px||true|false\u00bb global_colors_info=\u00bb{}\u00bb][\/et_pb_heading][\/et_pb_column][et_pb_column type=\u00bb2_5&#8243; _builder_version=\u00bb4.27.6&#8243; _module_preset=\u00bbdefault\u00bb custom_css_main_element=\u00bbdisplay: flex;||justify-content: flex-end;\u00bb global_colors_info=\u00bb{}\u00bb][et_pb_text _builder_version=\u00bb4.27.6&#8243; _dynamic_attributes=\u00bblink_option_url\u00bb _module_preset=\u00bbdefault\u00bb text_text_color=\u00bb#1B4835&#8243; custom_margin=\u00bb15px||||false|false\u00bb link_option_url=\u00bb@ET-DC@eyJkeW5hbWljIjp0cnVlLCJjb250ZW50IjoicG9zdF9saW5rX3VybF9wYWdlIiwic2V0dGluZ3MiOnsicG9zdF9pZCI6IjExIn19@\u00bb hover_enabled=\u00bb0&#8243; global_colors_info=\u00bb{}\u00bb disabled_on=\u00bbon|on|off\u00bb sticky_enabled=\u00bb0&#8243;]<\/p>\n<p>Principal<strong> &gt;\u00a0<\/strong><\/p>\n<p>[\/et_pb_text][et_pb_text _builder_version=\u00bb4.27.6&#8243; _module_preset=\u00bbdefault\u00bb text_text_color=\u00bb#1B4835&#8243; custom_margin=\u00bb15px||||false|false\u00bb hover_enabled=\u00bb0&#8243; global_colors_info=\u00bb{}\u00bb disabled_on=\u00bbon|on|off\u00bb sticky_enabled=\u00bb0&#8243;]<\/p>\n<p><strong>Institucional \/ Historia<\/strong><\/p>\n<p>[\/et_pb_text][\/et_pb_column][\/et_pb_row][\/et_pb_section][et_pb_section fb_built=\u00bb1&#8243; _builder_version=\u00bb4.27.6&#8243; _module_preset=\u00bbdefault\u00bb global_colors_info=\u00bb{}\u00bb][et_pb_row column_structure=\u00bb1_2,1_2&#8243; _builder_version=\u00bb4.27.6&#8243; _module_preset=\u00bbdefault\u00bb custom_padding=\u00bb||70px|||\u00bb global_colors_info=\u00bb{}\u00bb][et_pb_column type=\u00bb1_2&#8243; _builder_version=\u00bb4.27.6&#8243; _module_preset=\u00bbdefault\u00bb global_colors_info=\u00bb{}\u00bb][et_pb_text _builder_version=\u00bb4.27.6&#8243; _module_preset=\u00bbdefault\u00bb text_text_color=\u00bb#162645&#8243; text_font_size=\u00bb17px\u00bb global_colors_info=\u00bb{}\u00bb]<\/p>\n<p class=\"text-color-light-3 mb-4 appear-animation animated fadeInUpShorter appear-animation-visible\" data-appear-animation=\"fadeInUpShorter\" data-appear-animation-delay=\"600\"><strong>HISTORIA INSTITUCIONAL<\/strong><\/p>\n<p class=\"text-color-light-3 mb-4 appear-animation animated fadeInUpShorter appear-animation-visible\" data-appear-animation=\"fadeInUpShorter\" data-appear-animation-delay=\"600\">Este a\u00f1o, 2021, cumplimos 85 a\u00f1os y hemos recorrido un largo camino lleno de logros, desaf\u00edos y encrucijadas. Nuestro Se\u00f1or nos ha acompa\u00f1ado y hoy, como ayer, miramos el porvenir confiados en su presencia.<\/p>\n<p class=\"text-color-light-3 mb-4 appear-animation animated fadeInUpShorter appear-animation-visible\" data-appear-animation=\"fadeInUpShorter\" data-appear-animation-delay=\"600\">El Colegio San Mart\u00edn de Tours comienza a funcionar en marzo de 1936.<\/p>\n<p class=\"text-color-light-3 mb-4 appear-animation animated fadeInUpShorter appear-animation-visible\" data-appear-animation=\"fadeInUpShorter\" data-appear-animation-delay=\"600\">Nace gracias a la generosidad de la familia Jacob\u00e9 de San Fernando, que dona el predio donde hoy funciona nuestra instituci\u00f3n, y a la iniciativa del esp\u00edritu visionario de San Luis Orione, quien por entonces trabaj\u00f3 para la apertura de un colegio de varones perteneciente a la Obra de la Divina Providencia, el primero que tendr\u00eda nuestra ciudad.<\/p>\n<p class=\"text-color-light-3 mb-4 appear-animation animated fadeInUpShorter appear-animation-visible\" data-appear-animation=\"fadeInUpShorter\" data-appear-animation-delay=\"600\">La invocaci\u00f3n de San Mart\u00edn de Tours para nuestro colegio es elegido por San Luis Orione y la Sra. Elvira Jacob\u00e9 en reconocimiento a la generosidad del Sr. Mart\u00edn Jacob\u00e9 que hizo posible esta obra.<\/p>\n<p class=\"text-color-light-3 mb-4 appear-animation animated fadeInUpShorter appear-animation-visible\" data-appear-animation=\"fadeInUpShorter\" data-appear-animation-delay=\"600\">San Mart\u00edn de Tours como santo se distingue por la atenci\u00f3n a los pobres y su solidaridad, virtudes que iluminan nuestros pasos y le otorgan sentido a nuestra labor educativa.<\/p>\n<p class=\"text-color-light-3 mb-4 appear-animation animated fadeInUpShorter appear-animation-visible\" data-appear-animation=\"fadeInUpShorter\" data-appear-animation-delay=\"600\">En 1987 la Peque\u00f1a Obra de la Divina Providencia cede el colegio al Obispado de San Isidro.<\/p>\n<p class=\"text-color-light-3 mb-4 appear-animation animated fadeInUpShorter appear-animation-visible\" data-appear-animation=\"fadeInUpShorter\" data-appear-animation-delay=\"600\">Con el tiempo se fue conformando en la Instituci\u00f3n un cuerpo docente de maestros, preceptores y profesores que han puesto no s\u00f3lo sus saberes acad\u00e9micos sino tambi\u00e9n el alma en su trabajo. Y de esto pueden dar fe varias generaciones de sanfernandinos que sienten orgullo de haber estudiado en el \u201cSan Mart\u00edn\u201d. Es nuestro deseo seguir acompa\u00f1ando a las familias para que sus hijos, los futuros egresados, sean hombres y mujeres de bien, con convicciones, con un proyecto de vida basado en los valores del evangelio, ciudadanos comprometidos con los valores democr\u00e1ticos y sensibles a las necesidades de los m\u00e1s necesitados.<\/p>\n<p class=\"text-color-light-3 mb-4 appear-animation animated fadeInUpShorter appear-animation-visible\" data-appear-animation=\"fadeInUpShorter\" data-appear-animation-delay=\"600\">Son muchas las familias de San Fernando que han pasado y siguen confiando en nuestro Colegio. Esta es nuestra historia, de ella queremos seguir bebiendo para mirar hacia el futuro.<\/p>\n<p class=\"text-color-light-3 mb-4 appear-animation animated fadeInUpShorter appear-animation-visible\" data-appear-animation=\"fadeInUpShorter\" data-appear-animation-delay=\"600\">Descubrimos la presencia de Dios en el pasado, tenemos la certeza de mantenerla firme y viva en el futuro.<\/p>\n<p>[\/et_pb_text][\/et_pb_column][et_pb_column type=\u00bb1_2&#8243; _builder_version=\u00bb4.27.6&#8243; _module_preset=\u00bbdefault\u00bb global_colors_info=\u00bb{}\u00bb][et_pb_image src=\u00bbhttps:\/\/www.csmt.edu.ar\/nuevaweb\/wp-content\/uploads\/2026\/03\/historia1.jpg\u00bb title_text=\u00bbhistoria1&#8243; show_in_lightbox=\u00bbon\u00bb _builder_version=\u00bb4.27.6&#8243; _module_preset=\u00bbdefault\u00bb border_radii=\u00bbon|10px|10px|10px|10px\u00bb border_width_all=\u00bb9px\u00bb border_color_all=\u00bb#38486A\u00bb box_shadow_style=\u00bbpreset2&#8243; global_colors_info=\u00bb{}\u00bb][\/et_pb_image][et_pb_image src=\u00bbhttps:\/\/www.csmt.edu.ar\/nuevaweb\/wp-content\/uploads\/2026\/03\/historia2.jpg\u00bb title_text=\u00bbhistoria2&#8243; show_in_lightbox=\u00bbon\u00bb _builder_version=\u00bb4.27.6&#8243; _module_preset=\u00bbdefault\u00bb border_radii=\u00bbon|10px|10px|10px|10px\u00bb border_width_all=\u00bb9px\u00bb border_color_all=\u00bb#38486A\u00bb box_shadow_style=\u00bbpreset2&#8243; global_colors_info=\u00bb{}\u00bb][\/et_pb_image][et_pb_image src=\u00bbhttps:\/\/www.csmt.edu.ar\/nuevaweb\/wp-content\/uploads\/2026\/03\/historia3.jpg\u00bb title_text=\u00bbhistoria3&#8243; show_in_lightbox=\u00bbon\u00bb _builder_version=\u00bb4.27.6&#8243; _module_preset=\u00bbdefault\u00bb border_radii=\u00bbon|10px|10px|10px|10px\u00bb border_width_all=\u00bb9px\u00bb border_color_all=\u00bb#38486A\u00bb box_shadow_style=\u00bbpreset2&#8243; global_colors_info=\u00bb{}\u00bb][\/et_pb_image][\/et_pb_column][\/et_pb_row][et_pb_row column_structure=\u00bb2_5,3_5&#8243; _builder_version=\u00bb4.27.6&#8243; _module_preset=\u00bbdefault\u00bb background_color=\u00bb#EBD3B7&#8243; border_radii=\u00bbon|10px|10px|10px|10px\u00bb box_shadow_style=\u00bbpreset1&#8243; global_colors_info=\u00bb{}\u00bb][et_pb_column type=\u00bb2_5&#8243; _builder_version=\u00bb4.27.6&#8243; _module_preset=\u00bbdefault\u00bb global_colors_info=\u00bb{}\u00bb][et_pb_text _builder_version=\u00bb4.27.6&#8243; _module_preset=\u00bbdefault\u00bb text_text_color=\u00bb#162645&#8243; text_font_size=\u00bb17px\u00bb header_2_font_size=\u00bb21px\u00bb custom_margin=\u00bb|-12px|||false|false\u00bb custom_padding=\u00bb|18px||40px|false|false\u00bb global_colors_info=\u00bb{}\u00bb]<\/p>\n<h2><strong>Carte del Arzobispo de La Plata al Padre Don Orione en 1935<\/strong><\/h2>\n<p>Mi Estimado Padre Orione:<br \/>Puede suponer con cu\u00e1nta alegr\u00eda le\u00ed su carta.<br \/>Doy mi permiso y bendigo de todo coraz\u00f3n la obra y solo siento no estar en condiciones de ayudarlo materialmente. Pero la divina providencia faltar\u00e1 tampoco en esta ocasi\u00f3n.<br \/>El se\u00f1or recompense tanta caridad al Doctor Jacob\u00e9 y a Don Orione, y el glorioso San Martin, cobije bajo su manto al colegio.<\/p>\n<p>Hoy y siempre con afecto a usted<\/p>\n<p>Francisco Alberti<br \/>Arzobispo de La Plata<\/p>\n<p>[\/et_pb_text][\/et_pb_column][et_pb_column type=\u00bb3_5&#8243; _builder_version=\u00bb4.27.6&#8243; _module_preset=\u00bbdefault\u00bb global_colors_info=\u00bb{}\u00bb][et_pb_image src=\u00bbhttps:\/\/www.csmt.edu.ar\/nuevaweb\/wp-content\/uploads\/2026\/03\/carta.jpg\u00bb title_text=\u00bbcarta\u00bb show_in_lightbox=\u00bbon\u00bb _builder_version=\u00bb4.27.6&#8243; _module_preset=\u00bbdefault\u00bb custom_margin=\u00bb|35px||-3px|false|false\u00bb hover_enabled=\u00bb0&#8243; border_radii=\u00bbon|10px|10px|10px|10px\u00bb box_shadow_style=\u00bbpreset2&#8243; global_colors_info=\u00bb{}\u00bb module_alignment_last_edited=\u00bbon|phone\u00bb module_alignment_phone=\u00bbcenter\u00bb align_last_edited=\u00bbon|phone\u00bb align_phone=\u00bbcenter\u00bb custom_margin_last_edited=\u00bbon|phone\u00bb custom_padding_last_edited=\u00bbon|phone\u00bb custom_margin_phone=\u00bb|||29px|false|false\u00bb sticky_enabled=\u00bb0&#8243; custom_margin_tablet=\u00bb|35px||-3px|false|false\u00bb][\/et_pb_image][\/et_pb_column][\/et_pb_row][\/et_pb_section]<\/p>\n","protected":false},"excerpt":{"rendered":"<p>Principal &gt;\u00a0Institucional \/ HistoriaHISTORIA INSTITUCIONAL Este a\u00f1o, 2021, cumplimos 85 a\u00f1os y hemos recorrido un largo camino lleno de logros, desaf\u00edos y encrucijadas. Nuestro Se\u00f1or nos ha acompa\u00f1ado y hoy, como ayer, miramos el porvenir confiados en su presencia. El Colegio San Mart\u00edn de Tours comienza a funcionar en marzo de 1936. Nace gracias a [&hellip;]<\/p>\n","protected":false},"author":1,"featured_media":0,"parent":0,"menu_order":0,"comment_status":"closed","ping_status":"closed","template":"","meta":{"_et_pb_use_builder":"on","_et_pb_old_content":"","_et_gb_content_width":"","footnotes":""},"class_list":["post-84","page","type-page","status-publish","hentry"],"_links":{"self":[{"href":"https:\/\/www.csmt.edu.ar\/nuevaweb\/index.php?rest_route=\/wp\/v2\/pages\/84","targetHints":{"allow":["GET"]}}],"collection":[{"href":"https:\/\/www.csmt.edu.ar\/nuevaweb\/index.php?rest_route=\/wp\/v2\/pages"}],"about":[{"href":"https:\/\/www.csmt.edu.ar\/nuevaweb\/index.php?rest_route=\/wp\/v2\/types\/page"}],"author":[{"embeddable":true,"href":"https:\/\/www.csmt.edu.ar\/nuevaweb\/index.php?rest_route=\/wp\/v2\/users\/1"}],"replies":[{"embeddable":true,"href":"https:\/\/www.csmt.edu.ar\/nuevaweb\/index.php?rest_route=%2Fwp%2Fv2%2Fcomments&post=84"}],"version-history":[{"count":12,"href":"https:\/\/www.csmt.edu.ar\/nuevaweb\/index.php?rest_route=\/wp\/v2\/pages\/84\/revisions"}],"predecessor-version":[{"id":165,"href":"https:\/\/www.csmt.edu.ar\/nuevaweb\/index.php?rest_route=\/wp\/v2\/pages\/84\/revisions\/165"}],"wp:attachment":[{"href":"https:\/\/www.csmt.edu.ar\/nuevaweb\/index.php?rest_route=%2Fwp%2Fv2%2Fmedia&parent=84"}],"curies":[{"name":"wp","href":"https:\/\/api.w.org\/{rel}","templated":true}]}}