{"id":51,"date":"2026-03-14T21:49:59","date_gmt":"2026-03-14T21:49:59","guid":{"rendered":"https:\/\/www.csmt.edu.ar\/nuevaweb\/?page_id=51"},"modified":"2026-03-16T22:34:37","modified_gmt":"2026-03-16T22:34:37","slug":"institucional-autoridades","status":"publish","type":"page","link":"https:\/\/www.csmt.edu.ar\/nuevaweb\/?page_id=51","title":{"rendered":"Institucional \u2013 Autoridades"},"content":{"rendered":"<p>[et_pb_section fb_built=\u00bb1&#8243; _builder_version=\u00bb4.27.6&#8243; _module_preset=\u00bbdefault\u00bb background_color=\u00bb#EBC766&#8243; width=\u00bb100%\u00bb max_width=\u00bb100%\u00bb min_height=\u00bb160px\u00bb height=\u00bb160px\u00bb custom_margin=\u00bb0px||0px||true|false\u00bb custom_padding=\u00bb0px||0px||true|false\u00bb global_colors_info=\u00bb{}\u00bb][et_pb_row column_structure=\u00bb3_5,2_5&#8243; _builder_version=\u00bb4.27.6&#8243; _module_preset=\u00bbdefault\u00bb custom_margin=\u00bb0px||||false|false\u00bb custom_padding=\u00bb50px||||false|false\u00bb global_colors_info=\u00bb{}\u00bb][et_pb_column type=\u00bb3_5&#8243; _builder_version=\u00bb4.27.6&#8243; _module_preset=\u00bbdefault\u00bb global_colors_info=\u00bb{}\u00bb][et_pb_heading title=\u00bbInstitucional\u00bb _builder_version=\u00bb4.27.6&#8243; _module_preset=\u00bbdefault\u00bb title_text_color=\u00bb#162645&#8243; custom_margin=\u00bb0px||0px||true|false\u00bb custom_padding=\u00bb0px||0px||true|false\u00bb global_colors_info=\u00bb{}\u00bb][\/et_pb_heading][et_pb_heading title=\u00bbAutoridades\u00bb _builder_version=\u00bb4.27.6&#8243; _module_preset=\u00bbdefault\u00bb title_text_color=\u00bb#162645&#8243; title_font_size=\u00bb17px\u00bb custom_margin=\u00bb0px||0px||true|false\u00bb custom_padding=\u00bb0px||0px||true|false\u00bb global_colors_info=\u00bb{}\u00bb][\/et_pb_heading][\/et_pb_column][et_pb_column type=\u00bb2_5&#8243; _builder_version=\u00bb4.27.6&#8243; _module_preset=\u00bbdefault\u00bb custom_css_main_element=\u00bbdisplay: flex;||justify-content: flex-end;\u00bb global_colors_info=\u00bb{}\u00bb][et_pb_text disabled_on=\u00bbon|on|off\u00bb _builder_version=\u00bb4.27.6&#8243; _dynamic_attributes=\u00bblink_option_url\u00bb _module_preset=\u00bbdefault\u00bb text_text_color=\u00bb#1B4835&#8243; custom_margin=\u00bb15px||||false|false\u00bb link_option_url=\u00bb@ET-DC@eyJkeW5hbWljIjp0cnVlLCJjb250ZW50IjoicG9zdF9saW5rX3VybF9wYWdlIiwic2V0dGluZ3MiOnsicG9zdF9pZCI6IjExIn19@\u00bb global_colors_info=\u00bb{}\u00bb]<\/p>\n<p>Principal<strong> &gt;\u00a0<\/strong><\/p>\n<p>[\/et_pb_text][et_pb_text disabled_on=\u00bbon|on|off\u00bb _builder_version=\u00bb4.27.6&#8243; _module_preset=\u00bbdefault\u00bb text_text_color=\u00bb#1B4835&#8243; custom_margin=\u00bb15px||||false|false\u00bb global_colors_info=\u00bb{}\u00bb]<\/p>\n<p>Institucional \/ Autoridades<\/p>\n<p>[\/et_pb_text][\/et_pb_column][\/et_pb_row][\/et_pb_section][et_pb_section fb_built=\u00bb1&#8243; _builder_version=\u00bb4.27.6&#8243; _module_preset=\u00bbdefault\u00bb global_colors_info=\u00bb{}\u00bb][et_pb_row _builder_version=\u00bb4.27.6&#8243; _module_preset=\u00bbdefault\u00bb global_colors_info=\u00bb{}\u00bb][et_pb_column type=\u00bb4_4&#8243; _builder_version=\u00bb4.27.6&#8243; _module_preset=\u00bbdefault\u00bb global_colors_info=\u00bb{}\u00bb][et_pb_text _builder_version=\u00bb4.27.6&#8243; _module_preset=\u00bbdefault\u00bb text_text_color=\u00bb#162645&#8243; text_font_size=\u00bb17px\u00bb global_colors_info=\u00bb{}\u00bb]<\/p>\n<p class=\"text-color-light-3 mb-4 appear-animation animated fadeInUpShorter appear-animation-visible\" data-appear-animation=\"fadeInUpShorter\" data-appear-animation-delay=\"600\"><strong>Equipo de Conduccion<\/strong><\/p>\n<p class=\"text-color-light-3 mb-4 appear-animation animated fadeInUpShorter appear-animation-visible\" data-appear-animation=\"fadeInUpShorter\" data-appear-animation-delay=\"600\">Nuestro Equipo de Conducci\u00f3n, entre sus m\u00faltiples funciones, coordina los equipos de cada nivel, establece lineamientos pedag\u00f3gicos consensuados entre los diferentes niveles, administra los recursos teniendo a los alumnos y el aprendizaje como centro y dirime conflictos.<\/p>\n<p class=\"text-color-light-3 mb-4 appear-animation animated fadeInUpShorter appear-animation-visible\" data-appear-animation=\"fadeInUpShorter\" data-appear-animation-delay=\"600\">Trabajamos en pos de construir una educaci\u00f3n de calidad, teniendo como objetivo central el facilitar que el aprendizaje suceda.<br \/>Son miembros de este equipo:<\/p>\n<p>[\/et_pb_text][\/et_pb_column][\/et_pb_row][et_pb_row column_structure=\u00bb1_3,1_3,1_3&#8243; _builder_version=\u00bb4.27.6&#8243; _module_preset=\u00bbdefault\u00bb global_colors_info=\u00bb{}\u00bb][et_pb_column type=\u00bb1_3&#8243; _builder_version=\u00bb4.27.6&#8243; _module_preset=\u00bbdefault\u00bb global_colors_info=\u00bb{}\u00bb][et_pb_blurb title=\u00bbPatricia Tomietto\u00bb image=\u00bbhttps:\/\/www.csmt.edu.ar\/nuevaweb\/wp-content\/uploads\/2026\/03\/patricia-tomietto.jpg\u00bb _builder_version=\u00bb4.27.6&#8243; _module_preset=\u00bbdefault\u00bb header_font=\u00bb|700|||||||\u00bb header_text_align=\u00bbcenter\u00bb header_text_color=\u00bb#38486A\u00bb header_font_size=\u00bb22px\u00bb body_text_color=\u00bb#38486A\u00bb body_font_size=\u00bb16px\u00bb height=\u00bb390px\u00bb custom_margin=\u00bb||60px|||\u00bb border_radii_image=\u00bbon|692px|692px|692px|692px\u00bb border_width_all_image=\u00bb6px\u00bb border_color_all_image=\u00bb#38486A\u00bb box_shadow_style_image=\u00bbpreset1&#8243; global_colors_info=\u00bb{}\u00bb]<\/p>\n<p style=\"text-align: center;\"><span>Directora General<\/span><br \/><span>Representante Legal<\/span><br \/><span>Directora Nivel Secundario<\/span><\/p>\n<p>[\/et_pb_blurb][et_pb_blurb title=\u00bbMar\u00eda Lorena Di Meglio\u00bb image=\u00bbhttps:\/\/www.csmt.edu.ar\/nuevaweb\/wp-content\/uploads\/2026\/03\/maria-lorena-di-meglio.jpg\u00bb _builder_version=\u00bb4.27.6&#8243; _module_preset=\u00bbdefault\u00bb header_font=\u00bb|700|||||||\u00bb header_text_align=\u00bbcenter\u00bb header_text_color=\u00bb#38486A\u00bb header_font_size=\u00bb22px\u00bb body_text_color=\u00bb#38486A\u00bb body_font_size=\u00bb16px\u00bb custom_margin=\u00bb||60px|||\u00bb hover_enabled=\u00bb0&#8243; border_radii_image=\u00bbon|692px|692px|692px|692px\u00bb border_width_all_image=\u00bb6px\u00bb border_color_all_image=\u00bb#38486A\u00bb box_shadow_style_image=\u00bbpreset1&#8243; global_colors_info=\u00bb{}\u00bb sticky_enabled=\u00bb0&#8243;]<\/p>\n<p style=\"text-align: center;\"><span>Directora Nivel Inicial<\/span><\/p>\n<p>[\/et_pb_blurb][et_pb_blurb title=\u00bbAndrea V\u00e1zquez\u00bb image=\u00bbhttps:\/\/www.csmt.edu.ar\/nuevaweb\/wp-content\/uploads\/2026\/03\/andrea-vazquez.jpg\u00bb _builder_version=\u00bb4.27.6&#8243; _module_preset=\u00bbdefault\u00bb header_font=\u00bb|700|||||||\u00bb header_text_align=\u00bbcenter\u00bb header_text_color=\u00bb#38486A\u00bb header_font_size=\u00bb22px\u00bb body_text_color=\u00bb#38486A\u00bb body_font_size=\u00bb16px\u00bb custom_margin=\u00bb||60px|||\u00bb border_radii_image=\u00bbon|692px|692px|692px|692px\u00bb border_width_all_image=\u00bb6px\u00bb border_color_all_image=\u00bb#38486A\u00bb box_shadow_style_image=\u00bbpreset1&#8243; global_colors_info=\u00bb{}\u00bb]<\/p>\n<p style=\"text-align: center;\"><span>Vice Directora Nivel Primario<\/span><\/p>\n<p>[\/et_pb_blurb][\/et_pb_column][et_pb_column type=\u00bb1_3&#8243; _builder_version=\u00bb4.27.6&#8243; _module_preset=\u00bbdefault\u00bb global_colors_info=\u00bb{}\u00bb][et_pb_blurb title=\u00bbPablo Fuentes\u00bb image=\u00bbhttps:\/\/www.csmt.edu.ar\/nuevaweb\/wp-content\/uploads\/2026\/03\/pablo-fuentes.jpg\u00bb _builder_version=\u00bb4.27.6&#8243; _module_preset=\u00bbdefault\u00bb header_font=\u00bb|700|||||||\u00bb header_text_align=\u00bbcenter\u00bb header_text_color=\u00bb#38486A\u00bb header_font_size=\u00bb22px\u00bb body_text_color=\u00bb#38486A\u00bb body_font_size=\u00bb16px\u00bb height=\u00bb390px\u00bb custom_margin=\u00bb||60px|||\u00bb border_radii_image=\u00bbon|692px|692px|692px|692px\u00bb border_width_all_image=\u00bb6px\u00bb border_color_all_image=\u00bb#38486A\u00bb box_shadow_style_image=\u00bbpreset1&#8243; global_colors_info=\u00bb{}\u00bb]<\/p>\n<p style=\"text-align: center;\"><span>Representante Legal<\/span><br \/><span>Administrador<\/span><\/p>\n<p>[\/et_pb_blurb][et_pb_blurb title=\u00bbMar\u00eda Silvina Di Meglio\u00bb image=\u00bbhttps:\/\/www.csmt.edu.ar\/nuevaweb\/wp-content\/uploads\/2026\/03\/maria-silvina-di-meglio.jpg\u00bb _builder_version=\u00bb4.27.6&#8243; _module_preset=\u00bbdefault\u00bb header_font=\u00bb|700|||||||\u00bb header_text_align=\u00bbcenter\u00bb header_text_color=\u00bb#38486A\u00bb header_font_size=\u00bb22px\u00bb body_text_color=\u00bb#38486A\u00bb body_font_size=\u00bb16px\u00bb custom_margin=\u00bb||60px|||\u00bb border_radii_image=\u00bbon|692px|692px|692px|692px\u00bb border_width_all_image=\u00bb6px\u00bb border_color_all_image=\u00bb#38486A\u00bb box_shadow_style_image=\u00bbpreset1&#8243; global_colors_info=\u00bb{}\u00bb]<\/p>\n<p style=\"text-align: center;\"><span>Directora Nivel Primario<\/span><\/p>\n<p>[\/et_pb_blurb][et_pb_blurb title=\u00bbRuth Garrido\u00bb image=\u00bbhttps:\/\/www.csmt.edu.ar\/nuevaweb\/wp-content\/uploads\/2026\/03\/ruth-garrido.jpg\u00bb _builder_version=\u00bb4.27.6&#8243; _module_preset=\u00bbdefault\u00bb header_font=\u00bb|700|||||||\u00bb header_text_align=\u00bbcenter\u00bb header_text_color=\u00bb#38486A\u00bb header_font_size=\u00bb22px\u00bb body_text_color=\u00bb#38486A\u00bb body_font_size=\u00bb16px\u00bb custom_margin=\u00bb||60px|||\u00bb border_radii_image=\u00bbon|692px|692px|692px|692px\u00bb border_width_all_image=\u00bb6px\u00bb border_color_all_image=\u00bb#38486A\u00bb box_shadow_style_image=\u00bbpreset1&#8243; global_colors_info=\u00bb{}\u00bb]<\/p>\n<p style=\"text-align: center;\"><span>Vice Directora Nivel Secundario<\/span><\/p>\n<p>[\/et_pb_blurb][\/et_pb_column][et_pb_column type=\u00bb1_3&#8243; _builder_version=\u00bb4.27.6&#8243; _module_preset=\u00bbdefault\u00bb global_colors_info=\u00bb{}\u00bb][et_pb_blurb title=\u00bbPadre Agustin Pollitzer\u00bb image=\u00bbhttps:\/\/www.csmt.edu.ar\/nuevaweb\/wp-content\/uploads\/2026\/03\/Padre-Agustin-Pollitzer-3.jpg\u00bb _builder_version=\u00bb4.27.6&#8243; _module_preset=\u00bbdefault\u00bb header_font=\u00bb|700|||||||\u00bb header_text_align=\u00bbcenter\u00bb header_text_color=\u00bb#38486A\u00bb header_font_size=\u00bb22px\u00bb body_text_color=\u00bb#38486A\u00bb body_font_size=\u00bb16px\u00bb height=\u00bb390px\u00bb custom_margin=\u00bb||60px|||\u00bb border_radii_image=\u00bbon|692px|692px|692px|692px\u00bb border_width_all_image=\u00bb6px\u00bb border_color_all_image=\u00bb#38486A\u00bb box_shadow_style_image=\u00bbpreset1&#8243; global_colors_info=\u00bb{}\u00bb]<\/p>\n<p style=\"text-align: center;\"><span>Director Pastoral<br \/><\/span><\/p>\n<p>[\/et_pb_blurb][et_pb_blurb title=\u00bbJuan Cruz Guti\u00e9rrez\u00bb image=\u00bbhttps:\/\/www.csmt.edu.ar\/nuevaweb\/wp-content\/uploads\/2026\/03\/juan-cruz-gutierrez.jpg\u00bb _builder_version=\u00bb4.27.6&#8243; _module_preset=\u00bbdefault\u00bb header_font=\u00bb|700|||||||\u00bb header_text_align=\u00bbcenter\u00bb header_text_color=\u00bb#38486A\u00bb header_font_size=\u00bb22px\u00bb body_text_color=\u00bb#38486A\u00bb body_font_size=\u00bb16px\u00bb custom_margin=\u00bb||60px|||\u00bb border_radii_image=\u00bbon|692px|692px|692px|692px\u00bb border_width_all_image=\u00bb6px\u00bb border_color_all_image=\u00bb#38486A\u00bb box_shadow_style_image=\u00bbpreset1&#8243; global_colors_info=\u00bb{}\u00bb]<\/p>\n<p style=\"text-align: center;\"><span>Vice Director Nivel Secundario<\/span><\/p>\n<p>[\/et_pb_blurb][\/et_pb_column][\/et_pb_row][\/et_pb_section]<\/p>\n","protected":false},"excerpt":{"rendered":"<p>Principal &gt;\u00a0Institucional \/ AutoridadesEquipo de Conduccion Nuestro Equipo de Conducci\u00f3n, entre sus m\u00faltiples funciones, coordina los equipos de cada nivel, establece lineamientos pedag\u00f3gicos consensuados entre los diferentes niveles, administra los recursos teniendo a los alumnos y el aprendizaje como centro y dirime conflictos. Trabajamos en pos de construir una educaci\u00f3n de calidad, teniendo como objetivo [&hellip;]<\/p>\n","protected":false},"author":1,"featured_media":0,"parent":0,"menu_order":0,"comment_status":"closed","ping_status":"closed","template":"","meta":{"_et_pb_use_builder":"on","_et_pb_old_content":"","_et_gb_content_width":"","footnotes":""},"class_list":["post-51","page","type-page","status-publish","hentry"],"_links":{"self":[{"href":"https:\/\/www.csmt.edu.ar\/nuevaweb\/index.php?rest_route=\/wp\/v2\/pages\/51","targetHints":{"allow":["GET"]}}],"collection":[{"href":"https:\/\/www.csmt.edu.ar\/nuevaweb\/index.php?rest_route=\/wp\/v2\/pages"}],"about":[{"href":"https:\/\/www.csmt.edu.ar\/nuevaweb\/index.php?rest_route=\/wp\/v2\/types\/page"}],"author":[{"embeddable":true,"href":"https:\/\/www.csmt.edu.ar\/nuevaweb\/index.php?rest_route=\/wp\/v2\/users\/1"}],"replies":[{"embeddable":true,"href":"https:\/\/www.csmt.edu.ar\/nuevaweb\/index.php?rest_route=%2Fwp%2Fv2%2Fcomments&post=51"}],"version-history":[{"count":12,"href":"https:\/\/www.csmt.edu.ar\/nuevaweb\/index.php?rest_route=\/wp\/v2\/pages\/51\/revisions"}],"predecessor-version":[{"id":441,"href":"https:\/\/www.csmt.edu.ar\/nuevaweb\/index.php?rest_route=\/wp\/v2\/pages\/51\/revisions\/441"}],"wp:attachment":[{"href":"https:\/\/www.csmt.edu.ar\/nuevaweb\/index.php?rest_route=%2Fwp%2Fv2%2Fmedia&parent=51"}],"curies":[{"name":"wp","href":"https:\/\/api.w.org\/{rel}","templated":true}]}}