{"id":191,"date":"2026-03-15T18:00:21","date_gmt":"2026-03-15T18:00:21","guid":{"rendered":"https:\/\/www.csmt.edu.ar\/nuevaweb\/?page_id=191"},"modified":"2026-03-17T17:21:01","modified_gmt":"2026-03-17T17:21:01","slug":"nivel-secundario-horarios-y-espacios-institucionales","status":"publish","type":"page","link":"https:\/\/www.csmt.edu.ar\/nuevaweb\/?page_id=191","title":{"rendered":"Nivel Secundario &#8211; Horarios y Espacios Institucionales"},"content":{"rendered":"<p>[et_pb_section fb_built=\u00bb1&#8243; _builder_version=\u00bb4.27.6&#8243; _module_preset=\u00bbdefault\u00bb background_color=\u00bb#EBC766&#8243; width=\u00bb100%\u00bb max_width=\u00bb100%\u00bb min_height=\u00bb160px\u00bb height=\u00bb160px\u00bb custom_margin=\u00bb0px||0px||true|false\u00bb custom_padding=\u00bb0px||0px||true|false\u00bb global_colors_info=\u00bb{}\u00bb][et_pb_row column_structure=\u00bb2_5,3_5&#8243; _builder_version=\u00bb4.27.6&#8243; _module_preset=\u00bbdefault\u00bb custom_margin=\u00bb0px||||false|false\u00bb custom_padding=\u00bb50px||||false|false\u00bb global_colors_info=\u00bb{}\u00bb][et_pb_column type=\u00bb2_5&#8243; _builder_version=\u00bb4.27.6&#8243; _module_preset=\u00bbdefault\u00bb global_colors_info=\u00bb{}\u00bb][et_pb_heading title=\u00bbNivel <strong> Secundaria<\/strong>\u00bb _builder_version=\u00bb4.27.6&#8243; _module_preset=\u00bbdefault\u00bb title_text_color=\u00bb#162645&#8243; custom_margin=\u00bb0px||0px||true|false\u00bb custom_padding=\u00bb0px||0px||true|false\u00bb global_colors_info=\u00bb{}\u00bb][\/et_pb_heading][et_pb_heading title=\u00bbHorarios y Espacios Institucionales\u00bb _builder_version=\u00bb4.27.6&#8243; _module_preset=\u00bbdefault\u00bb title_text_color=\u00bb#162645&#8243; title_font_size=\u00bb17px\u00bb custom_margin=\u00bb0px||0px||true|false\u00bb custom_padding=\u00bb0px||0px||true|false\u00bb global_colors_info=\u00bb{}\u00bb][\/et_pb_heading][\/et_pb_column][et_pb_column type=\u00bb3_5&#8243; _builder_version=\u00bb4.27.6&#8243; _module_preset=\u00bbdefault\u00bb custom_css_main_element=\u00bbdisplay: flex;||justify-content: flex-end;\u00bb global_colors_info=\u00bb{}\u00bb][et_pb_text disabled_on=\u00bbon|on|off\u00bb _builder_version=\u00bb4.27.6&#8243; _dynamic_attributes=\u00bblink_option_url\u00bb _module_preset=\u00bbdefault\u00bb text_text_color=\u00bb#1B4835&#8243; custom_margin=\u00bb15px||||false|false\u00bb link_option_url=\u00bb@ET-DC@eyJkeW5hbWljIjp0cnVlLCJjb250ZW50IjoicG9zdF9saW5rX3VybF9wYWdlIiwic2V0dGluZ3MiOnsicG9zdF9pZCI6IjExIn19@\u00bb global_colors_info=\u00bb{}\u00bb]<\/p>\n<p>Principal<strong> &gt;\u00a0<\/strong><\/p>\n<p>[\/et_pb_text][et_pb_text disabled_on=\u00bbon|on|off\u00bb _builder_version=\u00bb4.27.6&#8243; _module_preset=\u00bbdefault\u00bb text_text_color=\u00bb#1B4835&#8243; custom_margin=\u00bb15px||||false|false\u00bb global_colors_info=\u00bb{}\u00bb]<\/p>\n<p><strong>Secundaria \/ <span>Horarios y Espacios Institucionales<\/span><\/strong><\/p>\n<p>[\/et_pb_text][\/et_pb_column][\/et_pb_row][\/et_pb_section][et_pb_section fb_built=\u00bb1&#8243; _builder_version=\u00bb4.27.6&#8243; _module_preset=\u00bbdefault\u00bb global_colors_info=\u00bb{}\u00bb][et_pb_row _builder_version=\u00bb4.27.6&#8243; _module_preset=\u00bbdefault\u00bb global_colors_info=\u00bb{}\u00bb][et_pb_column type=\u00bb4_4&#8243; _builder_version=\u00bb4.27.6&#8243; _module_preset=\u00bbdefault\u00bb global_colors_info=\u00bb{}\u00bb][et_pb_code _builder_version=\u00bb4.27.6&#8243; _module_preset=\u00bbdefault\u00bb hover_enabled=\u00bb0&#8243; border_color_all=\u00bb#FFFFFF\u00bb border_radii_tablet=\u00bb\u00bb border_radii_phone=\u00bb\u00bb border_radii_last_edited=\u00bbon|phone\u00bb border_width_all_tablet=\u00bb\u00bb border_width_all_phone=\u00bb\u00bb border_width_all_last_edited=\u00bbon|phone\u00bb global_colors_info=\u00bb{}\u00bb border_width_all__hover_enabled=\u00bbon|desktop\u00bb sticky_enabled=\u00bb0&#8243;]<\/p>\n<style><!-- [et_pb_line_break_holder] --><!-- [et_pb_line_break_holder] -->.tabla-horarios{<!-- [et_pb_line_break_holder] -->width:100%;<!-- [et_pb_line_break_holder] -->border-collapse:collapse;<!-- [et_pb_line_break_holder] -->font-family:Arial, sans-serif;<!-- [et_pb_line_break_holder] -->}<!-- [et_pb_line_break_holder] --><!-- [et_pb_line_break_holder] -->.tabla-horarios th,<!-- [et_pb_line_break_holder] -->.tabla-horarios td{<!-- [et_pb_line_break_holder] -->border:1px solid #54a1bf;<!-- [et_pb_line_break_holder] -->padding:12px;<!-- [et_pb_line_break_holder] -->text-align:center;<!-- [et_pb_line_break_holder] -->}<!-- [et_pb_line_break_holder] --><!-- [et_pb_line_break_holder] -->.tabla-horarios thead th{<!-- [et_pb_line_break_holder] -->background:#f5f5f5;<!-- [et_pb_line_break_holder] -->font-weight:bold;<!-- [et_pb_line_break_holder] -->}<!-- [et_pb_line_break_holder] --><!-- [et_pb_line_break_holder] -->.tabla-horarios .evento{<!-- [et_pb_line_break_holder] -->text-align:left;<!-- [et_pb_line_break_holder] -->font-weight:600;<!-- [et_pb_line_break_holder] -->}<!-- [et_pb_line_break_holder] --><!-- [et_pb_line_break_holder] -->\/* MOBILE *\/<!-- [et_pb_line_break_holder] --><!-- [et_pb_line_break_holder] -->@media (max-width:768px){<!-- [et_pb_line_break_holder] --><!-- [et_pb_line_break_holder] -->.tabla-horarios thead{<!-- [et_pb_line_break_holder] -->display:none;<!-- [et_pb_line_break_holder] -->}<!-- [et_pb_line_break_holder] --><!-- [et_pb_line_break_holder] -->.tabla-horarios,<!-- [et_pb_line_break_holder] -->.tabla-horarios tbody,<!-- [et_pb_line_break_holder] -->.tabla-horarios tr,<!-- [et_pb_line_break_holder] -->.tabla-horarios td{<!-- [et_pb_line_break_holder] -->display:block;<!-- [et_pb_line_break_holder] -->width:100%;<!-- [et_pb_line_break_holder] -->}<!-- [et_pb_line_break_holder] --><!-- [et_pb_line_break_holder] -->.tabla-horarios{<!-- [et_pb_line_break_holder] -->border:none;<!-- [et_pb_line_break_holder] -->}<!-- [et_pb_line_break_holder] --><!-- [et_pb_line_break_holder] -->.tabla-horarios tr{<!-- [et_pb_line_break_holder] -->background:#ffffff;<!-- [et_pb_line_break_holder] -->border:1px solid #54a1bf !important;;<!-- [et_pb_line_break_holder] -->border-radius:10px;<!-- [et_pb_line_break_holder] -->margin-bottom:15px;<!-- [et_pb_line_break_holder] -->padding:10px;<!-- [et_pb_line_break_holder] -->box-shadow:0 3px 8px rgba(0,0,0,0.10);<!-- [et_pb_line_break_holder] -->}<!-- [et_pb_line_break_holder] --><!-- [et_pb_line_break_holder] -->.tabla-horarios td{<!-- [et_pb_line_break_holder] -->border:none;<!-- [et_pb_line_break_holder] -->text-align:left;<!-- [et_pb_line_break_holder] -->padding:6px 10px;<!-- [et_pb_line_break_holder] -->}<!-- [et_pb_line_break_holder] --><!-- [et_pb_line_break_holder] -->.tabla-horarios td::before{<!-- [et_pb_line_break_holder] -->font-weight:bold;<!-- [et_pb_line_break_holder] -->display:block;<!-- [et_pb_line_break_holder] -->color:#555;<!-- [et_pb_line_break_holder] -->font-size:13px;<!-- [et_pb_line_break_holder] -->}<!-- [et_pb_line_break_holder] --><!-- [et_pb_line_break_holder] -->\/* ocultamos \"Evento\" *\/<!-- [et_pb_line_break_holder] --><!-- [et_pb_line_break_holder] -->.tabla-horarios td:nth-child(1)::before{<!-- [et_pb_line_break_holder] -->content:\"\";<!-- [et_pb_line_break_holder] -->display:none;<!-- [et_pb_line_break_holder] -->}<!-- [et_pb_line_break_holder] --><!-- [et_pb_line_break_holder] -->.tabla-horarios td:nth-child(2)::before{<!-- [et_pb_line_break_holder] -->content:\"TURNO MA\u00d1ANA\";<!-- [et_pb_line_break_holder] -->}<!-- [et_pb_line_break_holder] --><!-- [et_pb_line_break_holder] -->.tabla-horarios td:nth-child(3)::before{<!-- [et_pb_line_break_holder] -->content:\"EDUCACI\u00d3N F\u00cdSICA\";<!-- [et_pb_line_break_holder] -->}<!-- [et_pb_line_break_holder] -->  <!-- [et_pb_line_break_holder] -->.tabla-horarios td:nth-child(4)::before{<!-- [et_pb_line_break_holder] -->content:\"TALLERES DE SERVICIO\";<!-- [et_pb_line_break_holder] -->}<!-- [et_pb_line_break_holder] --><!-- [et_pb_line_break_holder] -->}<!-- [et_pb_line_break_holder] --><!-- [et_pb_line_break_holder] --><\/style>\n<p><!-- [et_pb_line_break_holder] --><!-- [et_pb_line_break_holder] --><!-- [et_pb_line_break_holder] --><\/p>\n<table class=\"tabla-horarios\"><!-- [et_pb_line_break_holder] --><!-- [et_pb_line_break_holder] --><\/p>\n<thead><!-- [et_pb_line_break_holder] --><\/p>\n<tr><!-- [et_pb_line_break_holder] --><\/p>\n<th>NIVEL SECUNDARIA<\/th>\n<p><!-- [et_pb_line_break_holder] --><\/p>\n<th>TURNO MA\u00d1ANA<\/th>\n<p><!-- [et_pb_line_break_holder] --><\/p>\n<th>EDUCACI\u00d3N F\u00cdSICA<\/th>\n<p><!-- [et_pb_line_break_holder] --><\/p>\n<th>TALLERES DE SERVICIO<\/th>\n<p><!-- [et_pb_line_break_holder] --><\/tr>\n<p><!-- [et_pb_line_break_holder] --><\/thead>\n<p><!-- [et_pb_line_break_holder] --><!-- [et_pb_line_break_holder] --><\/p>\n<tbody><!-- [et_pb_line_break_holder] --><!-- [et_pb_line_break_holder] --><\/p>\n<tr><!-- [et_pb_line_break_holder] --><\/p>\n<td class=\"evento\">Ingreso<\/td>\n<p><!-- [et_pb_line_break_holder] --><\/p>\n<td>07:25<\/td>\n<p><!-- [et_pb_line_break_holder] --><\/p>\n<td>Para Secundaria Superior los martes y jueves por la tarde<\/td>\n<p><!-- [et_pb_line_break_holder] --><\/p>\n<td>A partir de 3\u00b0 A\u00f1o a contra turno. El d\u00eda y horario depender\u00e1n del Taller<\/td>\n<p><!-- [et_pb_line_break_holder] --><\/tr>\n<p><!-- [et_pb_line_break_holder] --><!-- [et_pb_line_break_holder] --><\/p>\n<tr><!-- [et_pb_line_break_holder] --><\/p>\n<td class=\"evento\">Salida<\/td>\n<p><!-- [et_pb_line_break_holder] --><\/p>\n<td>13:45<\/td>\n<p><!-- [et_pb_line_break_holder] --><\/p>\n<td>Para Secundaria Superior los martes y jueves por la tarde<\/td>\n<p><!-- [et_pb_line_break_holder] --><\/p>\n<td>A partir de 3\u00b0 A\u00f1o a contra turno. El d\u00eda y horario depender\u00e1n del Taller<\/td>\n<p><!-- [et_pb_line_break_holder] --><\/tr>\n<p><!-- [et_pb_line_break_holder] --><!-- [et_pb_line_break_holder] --><!-- [et_pb_line_break_holder] --><\/tbody>\n<p><!-- [et_pb_line_break_holder] --><!-- [et_pb_line_break_holder] --><\/table>\n<p>[\/et_pb_code][\/et_pb_column][\/et_pb_row][et_pb_row column_structure=\u00bb1_2,1_2&#8243; _builder_version=\u00bb4.27.6&#8243; _module_preset=\u00bbdefault\u00bb global_colors_info=\u00bb{}\u00bb][et_pb_column type=\u00bb1_2&#8243; _builder_version=\u00bb4.27.6&#8243; _module_preset=\u00bbdefault\u00bb global_colors_info=\u00bb{}\u00bb][et_pb_image src=\u00bbhttps:\/\/www.csmt.edu.ar\/nuevaweb\/wp-content\/uploads\/2026\/03\/580806490_18066054650435773_8249785816391155323_n.jpeg\u00bb title_text=\u00bbhistoria1&#8243; show_in_lightbox=\u00bbon\u00bb _builder_version=\u00bb4.27.6&#8243; _module_preset=\u00bbdefault\u00bb hover_enabled=\u00bb0&#8243; border_radii=\u00bbon|10px|10px|10px|10px\u00bb border_width_all=\u00bb9px\u00bb border_color_all=\u00bb#38486A\u00bb box_shadow_style=\u00bbpreset2&#8243; global_colors_info=\u00bb{}\u00bb sticky_enabled=\u00bb0&#8243;][\/et_pb_image][\/et_pb_column][et_pb_column type=\u00bb1_2&#8243; _builder_version=\u00bb4.27.6&#8243; _module_preset=\u00bbdefault\u00bb global_colors_info=\u00bb{}\u00bb][et_pb_image src=\u00bbhttps:\/\/www.csmt.edu.ar\/nuevaweb\/wp-content\/uploads\/2026\/03\/581196478_18066143888435773_603030939385681805_n.jpeg\u00bb title_text=\u00bbhistoria1&#8243; show_in_lightbox=\u00bbon\u00bb _builder_version=\u00bb4.27.6&#8243; _module_preset=\u00bbdefault\u00bb hover_enabled=\u00bb0&#8243; border_radii=\u00bbon|10px|10px|10px|10px\u00bb border_width_all=\u00bb9px\u00bb border_color_all=\u00bb#38486A\u00bb box_shadow_style=\u00bbpreset2&#8243; global_colors_info=\u00bb{}\u00bb sticky_enabled=\u00bb0&#8243;][\/et_pb_image][\/et_pb_column][\/et_pb_row][\/et_pb_section]<\/p>\n","protected":false},"excerpt":{"rendered":"<p>Principal &gt;\u00a0Secundaria \/ Horarios y Espacios Institucionales<\/p>\n","protected":false},"author":1,"featured_media":0,"parent":0,"menu_order":0,"comment_status":"closed","ping_status":"closed","template":"","meta":{"_et_pb_use_builder":"on","_et_pb_old_content":"","_et_gb_content_width":"","footnotes":""},"class_list":["post-191","page","type-page","status-publish","hentry"],"_links":{"self":[{"href":"https:\/\/www.csmt.edu.ar\/nuevaweb\/index.php?rest_route=\/wp\/v2\/pages\/191","targetHints":{"allow":["GET"]}}],"collection":[{"href":"https:\/\/www.csmt.edu.ar\/nuevaweb\/index.php?rest_route=\/wp\/v2\/pages"}],"about":[{"href":"https:\/\/www.csmt.edu.ar\/nuevaweb\/index.php?rest_route=\/wp\/v2\/types\/page"}],"author":[{"embeddable":true,"href":"https:\/\/www.csmt.edu.ar\/nuevaweb\/index.php?rest_route=\/wp\/v2\/users\/1"}],"replies":[{"embeddable":true,"href":"https:\/\/www.csmt.edu.ar\/nuevaweb\/index.php?rest_route=%2Fwp%2Fv2%2Fcomments&post=191"}],"version-history":[{"count":12,"href":"https:\/\/www.csmt.edu.ar\/nuevaweb\/index.php?rest_route=\/wp\/v2\/pages\/191\/revisions"}],"predecessor-version":[{"id":486,"href":"https:\/\/www.csmt.edu.ar\/nuevaweb\/index.php?rest_route=\/wp\/v2\/pages\/191\/revisions\/486"}],"wp:attachment":[{"href":"https:\/\/www.csmt.edu.ar\/nuevaweb\/index.php?rest_route=%2Fwp%2Fv2%2Fmedia&parent=191"}],"curies":[{"name":"wp","href":"https:\/\/api.w.org\/{rel}","templated":true}]}}