{"id":183,"date":"2026-03-15T17:56:52","date_gmt":"2026-03-15T17:56:52","guid":{"rendered":"https:\/\/www.csmt.edu.ar\/nuevaweb\/?page_id=183"},"modified":"2026-03-15T17:58:07","modified_gmt":"2026-03-15T17:58:07","slug":"nivel-secundaria-perfil","status":"publish","type":"page","link":"https:\/\/www.csmt.edu.ar\/nuevaweb\/?page_id=183","title":{"rendered":"Nivel\u00a0Secundaria &#8211; Perfil"},"content":{"rendered":"<p>[et_pb_section fb_built=\u00bb1&#8243; _builder_version=\u00bb4.27.6&#8243; _module_preset=\u00bbdefault\u00bb background_color=\u00bb#EBC766&#8243; width=\u00bb100%\u00bb max_width=\u00bb100%\u00bb min_height=\u00bb160px\u00bb height=\u00bb160px\u00bb custom_margin=\u00bb0px||0px||true|false\u00bb custom_padding=\u00bb0px||0px||true|false\u00bb global_colors_info=\u00bb{}\u00bb theme_builder_area=\u00bbpost_content\u00bb][et_pb_row column_structure=\u00bb3_5,2_5&#8243; _builder_version=\u00bb4.27.6&#8243; _module_preset=\u00bbdefault\u00bb custom_margin=\u00bb0px||||false|false\u00bb custom_padding=\u00bb50px||||false|false\u00bb global_colors_info=\u00bb{}\u00bb theme_builder_area=\u00bbpost_content\u00bb][et_pb_column type=\u00bb3_5&#8243; _builder_version=\u00bb4.27.6&#8243; _module_preset=\u00bbdefault\u00bb global_colors_info=\u00bb{}\u00bb theme_builder_area=\u00bbpost_content\u00bb][et_pb_heading title=\u00bbNivel <strong>Secundaria<\/strong>\u00bb _builder_version=\u00bb4.27.6&#8243; _module_preset=\u00bbdefault\u00bb title_text_color=\u00bb#162645&#8243; custom_margin=\u00bb0px||0px||true|false\u00bb custom_padding=\u00bb0px||0px||true|false\u00bb hover_enabled=\u00bb0&#8243; global_colors_info=\u00bb{}\u00bb theme_builder_area=\u00bbpost_content\u00bb sticky_enabled=\u00bb0&#8243;][\/et_pb_heading][et_pb_heading title=\u00bbPerfil\u00bb _builder_version=\u00bb4.27.6&#8243; _module_preset=\u00bbdefault\u00bb title_text_color=\u00bb#162645&#8243; title_font_size=\u00bb17px\u00bb custom_margin=\u00bb0px||0px||true|false\u00bb custom_padding=\u00bb0px||0px||true|false\u00bb global_colors_info=\u00bb{}\u00bb theme_builder_area=\u00bbpost_content\u00bb][\/et_pb_heading][\/et_pb_column][et_pb_column type=\u00bb2_5&#8243; _builder_version=\u00bb4.27.6&#8243; _module_preset=\u00bbdefault\u00bb custom_css_main_element=\u00bbdisplay: flex;||justify-content: flex-end;\u00bb global_colors_info=\u00bb{}\u00bb theme_builder_area=\u00bbpost_content\u00bb][et_pb_text disabled_on=\u00bbon|on|off\u00bb _builder_version=\u00bb4.27.6&#8243; _dynamic_attributes=\u00bblink_option_url\u00bb _module_preset=\u00bbdefault\u00bb text_text_color=\u00bb#1B4835&#8243; custom_margin=\u00bb15px||||false|false\u00bb link_option_url=\u00bb@ET-DC@eyJkeW5hbWljIjp0cnVlLCJjb250ZW50IjoicG9zdF9saW5rX3VybF9wYWdlIiwic2V0dGluZ3MiOnsicG9zdF9pZCI6IjExIn19@\u00bb global_colors_info=\u00bb{}\u00bb theme_builder_area=\u00bbpost_content\u00bb]<\/p>\n<p>Principal<strong> &gt;\u00a0<\/strong><\/p>\n<p>[\/et_pb_text][et_pb_text disabled_on=\u00bbon|on|off\u00bb _builder_version=\u00bb4.27.6&#8243; _module_preset=\u00bbdefault\u00bb text_text_color=\u00bb#1B4835&#8243; custom_margin=\u00bb15px||||false|false\u00bb hover_enabled=\u00bb0&#8243; global_colors_info=\u00bb{}\u00bb theme_builder_area=\u00bbpost_content\u00bb sticky_enabled=\u00bb0&#8243;]<\/p>\n<p><strong>Secundaria \/ Perfil<\/strong><\/p>\n<p>[\/et_pb_text][\/et_pb_column][\/et_pb_row][\/et_pb_section][et_pb_section fb_built=\u00bb1&#8243; _builder_version=\u00bb4.27.6&#8243; _module_preset=\u00bbdefault\u00bb global_colors_info=\u00bb{}\u00bb theme_builder_area=\u00bbpost_content\u00bb][et_pb_row column_structure=\u00bb1_2,1_2&#8243; _builder_version=\u00bb4.27.6&#8243; _module_preset=\u00bbdefault\u00bb global_colors_info=\u00bb{}\u00bb theme_builder_area=\u00bbpost_content\u00bb][et_pb_column type=\u00bb1_2&#8243; _builder_version=\u00bb4.27.6&#8243; _module_preset=\u00bbdefault\u00bb global_colors_info=\u00bb{}\u00bb theme_builder_area=\u00bbpost_content\u00bb][et_pb_text _builder_version=\u00bb4.27.6&#8243; _module_preset=\u00bbdefault\u00bb text_text_color=\u00bb#162645&#8243; text_font_size=\u00bb17px\u00bb hover_enabled=\u00bb0&#8243; global_colors_info=\u00bb{}\u00bb theme_builder_area=\u00bbpost_content\u00bb sticky_enabled=\u00bb0&#8243;]<\/p>\n<p class=\"text-color-light-3 mb-4 appear-animation animated fadeInUpShorter appear-animation-visible\" data-appear-animation=\"fadeInUpShorter\" data-appear-animation-delay=\"600\">La escuela secundaria se configura como un espacio de vida adolescente en el cual la experiencia escolar permite a los estudiantes mostrarse y construirse como j\u00f3venes y transitar el camino hacia la inserci\u00f3n en la sociedad. La construcci\u00f3n de autonom\u00eda propia de este grupo etario es el objetivo principal de este periodo de escolaridad, siendo la escuela un actor clave para brindar a los j\u00f3venes herramientas que les permitan desenvolverse, enfrentar situaciones y tener la seguridad de poder dialogar.<\/p>\n<p class=\"text-color-light-3 mb-4 appear-animation animated fadeInUpShorter appear-animation-visible\" data-appear-animation=\"fadeInUpShorter\" data-appear-animation-delay=\"600\">\u201c<em>La escuela, entre otras instituciones sociales, juega un papel primordial en el proceso de inserci\u00f3n social que deben realizar los adolescentes. Llevar adelante este proceso implica poder encontrar un punto de anclaje, un soporte simb\u00f3lico, un marco y un referente, que sin dudas la escuela ha venido ofreciendo a lo largo de la historia y que, pareciera, no ha dejado de hacerlo en estos tiempos<\/em>.\u201d (Res 1709\/09)<\/p>\n<p class=\"text-color-light-3 mb-4 appear-animation animated fadeInUpShorter appear-animation-visible\" data-appear-animation=\"fadeInUpShorter\" data-appear-animation-delay=\"600\">La obligatoriedad de finalizaci\u00f3n de la escuela secundaria se enmarca en la premisa de asegurar un capital b\u00e1sico que garantice a quienes lo poseen mayores probabilidades de insertarse con \u00e9xito en el mercado del trabajo, participar como ciudadano activo en la vida p\u00fablica y construir una subjetividad aut\u00f3noma.<\/p>\n<p>[\/et_pb_text][\/et_pb_column][et_pb_column type=\u00bb1_2&#8243; _builder_version=\u00bb4.27.6&#8243; _module_preset=\u00bbdefault\u00bb global_colors_info=\u00bb{}\u00bb theme_builder_area=\u00bbpost_content\u00bb][et_pb_image src=\u00bbhttps:\/\/www.csmt.edu.ar\/nuevaweb\/wp-content\/uploads\/2026\/03\/587782743_18069612863435773_3723997164677665579_n.jpeg\u00bb title_text=\u00bb598657694_18069411839435773_7046656007925949061_n\u00bb show_in_lightbox=\u00bbon\u00bb _builder_version=\u00bb4.27.6&#8243; _module_preset=\u00bbdefault\u00bb hover_enabled=\u00bb0&#8243; border_radii=\u00bbon|10px|10px|10px|10px\u00bb border_width_all=\u00bb9px\u00bb border_color_all=\u00bb#38486A\u00bb box_shadow_style=\u00bbpreset2&#8243; global_colors_info=\u00bb{}\u00bb theme_builder_area=\u00bbpost_content\u00bb sticky_enabled=\u00bb0&#8243;][\/et_pb_image][\/et_pb_column][\/et_pb_row][\/et_pb_section]<\/p>\n","protected":false},"excerpt":{"rendered":"<p>Principal &gt;\u00a0Secundaria \/ PerfilLa escuela secundaria se configura como un espacio de vida adolescente en el cual la experiencia escolar permite a los estudiantes mostrarse y construirse como j\u00f3venes y transitar el camino hacia la inserci\u00f3n en la sociedad. La construcci\u00f3n de autonom\u00eda propia de este grupo etario es el objetivo principal de este periodo [&hellip;]<\/p>\n","protected":false},"author":1,"featured_media":0,"parent":0,"menu_order":0,"comment_status":"closed","ping_status":"closed","template":"","meta":{"_et_pb_use_builder":"on","_et_pb_old_content":"","_et_gb_content_width":"","footnotes":""},"class_list":["post-183","page","type-page","status-publish","hentry"],"_links":{"self":[{"href":"https:\/\/www.csmt.edu.ar\/nuevaweb\/index.php?rest_route=\/wp\/v2\/pages\/183","targetHints":{"allow":["GET"]}}],"collection":[{"href":"https:\/\/www.csmt.edu.ar\/nuevaweb\/index.php?rest_route=\/wp\/v2\/pages"}],"about":[{"href":"https:\/\/www.csmt.edu.ar\/nuevaweb\/index.php?rest_route=\/wp\/v2\/types\/page"}],"author":[{"embeddable":true,"href":"https:\/\/www.csmt.edu.ar\/nuevaweb\/index.php?rest_route=\/wp\/v2\/users\/1"}],"replies":[{"embeddable":true,"href":"https:\/\/www.csmt.edu.ar\/nuevaweb\/index.php?rest_route=%2Fwp%2Fv2%2Fcomments&post=183"}],"version-history":[{"count":3,"href":"https:\/\/www.csmt.edu.ar\/nuevaweb\/index.php?rest_route=\/wp\/v2\/pages\/183\/revisions"}],"predecessor-version":[{"id":189,"href":"https:\/\/www.csmt.edu.ar\/nuevaweb\/index.php?rest_route=\/wp\/v2\/pages\/183\/revisions\/189"}],"wp:attachment":[{"href":"https:\/\/www.csmt.edu.ar\/nuevaweb\/index.php?rest_route=%2Fwp%2Fv2%2Fmedia&parent=183"}],"curies":[{"name":"wp","href":"https:\/\/api.w.org\/{rel}","templated":true}]}}