{"id":169,"date":"2026-03-15T15:50:24","date_gmt":"2026-03-15T15:50:24","guid":{"rendered":"https:\/\/www.csmt.edu.ar\/nuevaweb\/?page_id=169"},"modified":"2026-03-15T15:50:24","modified_gmt":"2026-03-15T15:50:24","slug":"nivel-primario-perfil","status":"publish","type":"page","link":"https:\/\/www.csmt.edu.ar\/nuevaweb\/?page_id=169","title":{"rendered":"Nivel\u00a0Primario &#8211; Perfil"},"content":{"rendered":"<p>[et_pb_section fb_built=\u00bb1&#8243; _builder_version=\u00bb4.27.6&#8243; _module_preset=\u00bbdefault\u00bb background_color=\u00bb#EBC766&#8243; width=\u00bb100%\u00bb max_width=\u00bb100%\u00bb min_height=\u00bb160px\u00bb height=\u00bb160px\u00bb custom_margin=\u00bb0px||0px||true|false\u00bb custom_padding=\u00bb0px||0px||true|false\u00bb global_colors_info=\u00bb{}\u00bb theme_builder_area=\u00bbpost_content\u00bb][et_pb_row column_structure=\u00bb3_5,2_5&#8243; _builder_version=\u00bb4.27.6&#8243; _module_preset=\u00bbdefault\u00bb custom_margin=\u00bb0px||||false|false\u00bb custom_padding=\u00bb50px||||false|false\u00bb global_colors_info=\u00bb{}\u00bb theme_builder_area=\u00bbpost_content\u00bb][et_pb_column type=\u00bb3_5&#8243; _builder_version=\u00bb4.27.6&#8243; _module_preset=\u00bbdefault\u00bb global_colors_info=\u00bb{}\u00bb theme_builder_area=\u00bbpost_content\u00bb][et_pb_heading title=\u00bbNivel <strong>Primario<\/strong>\u00bb _builder_version=\u00bb4.27.6&#8243; _module_preset=\u00bbdefault\u00bb title_text_color=\u00bb#162645&#8243; custom_margin=\u00bb0px||0px||true|false\u00bb custom_padding=\u00bb0px||0px||true|false\u00bb hover_enabled=\u00bb0&#8243; global_colors_info=\u00bb{}\u00bb theme_builder_area=\u00bbpost_content\u00bb sticky_enabled=\u00bb0&#8243;][\/et_pb_heading][et_pb_heading title=\u00bbPerfil\u00bb _builder_version=\u00bb4.27.6&#8243; _module_preset=\u00bbdefault\u00bb title_text_color=\u00bb#162645&#8243; title_font_size=\u00bb17px\u00bb custom_margin=\u00bb0px||0px||true|false\u00bb custom_padding=\u00bb0px||0px||true|false\u00bb global_colors_info=\u00bb{}\u00bb theme_builder_area=\u00bbpost_content\u00bb][\/et_pb_heading][\/et_pb_column][et_pb_column type=\u00bb2_5&#8243; _builder_version=\u00bb4.27.6&#8243; _module_preset=\u00bbdefault\u00bb custom_css_main_element=\u00bbdisplay: flex;||justify-content: flex-end;\u00bb global_colors_info=\u00bb{}\u00bb theme_builder_area=\u00bbpost_content\u00bb][et_pb_text disabled_on=\u00bbon|on|off\u00bb _builder_version=\u00bb4.27.6&#8243; _dynamic_attributes=\u00bblink_option_url\u00bb _module_preset=\u00bbdefault\u00bb text_text_color=\u00bb#1B4835&#8243; custom_margin=\u00bb15px||||false|false\u00bb link_option_url=\u00bb@ET-DC@eyJkeW5hbWljIjp0cnVlLCJjb250ZW50IjoicG9zdF9saW5rX3VybF9wYWdlIiwic2V0dGluZ3MiOnsicG9zdF9pZCI6IjExIn19@\u00bb global_colors_info=\u00bb{}\u00bb theme_builder_area=\u00bbpost_content\u00bb]<\/p>\n<p>Principal<strong> &gt;\u00a0<\/strong><\/p>\n<p>[\/et_pb_text][et_pb_text disabled_on=\u00bbon|on|off\u00bb _builder_version=\u00bb4.27.6&#8243; _module_preset=\u00bbdefault\u00bb text_text_color=\u00bb#1B4835&#8243; custom_margin=\u00bb15px||||false|false\u00bb hover_enabled=\u00bb0&#8243; global_colors_info=\u00bb{}\u00bb theme_builder_area=\u00bbpost_content\u00bb sticky_enabled=\u00bb0&#8243;]<\/p>\n<p><strong>Primario \/ Perfil<\/strong><\/p>\n<p>[\/et_pb_text][\/et_pb_column][\/et_pb_row][\/et_pb_section][et_pb_section fb_built=\u00bb1&#8243; _builder_version=\u00bb4.27.6&#8243; _module_preset=\u00bbdefault\u00bb global_colors_info=\u00bb{}\u00bb theme_builder_area=\u00bbpost_content\u00bb][et_pb_row column_structure=\u00bb1_2,1_2&#8243; _builder_version=\u00bb4.27.6&#8243; _module_preset=\u00bbdefault\u00bb global_colors_info=\u00bb{}\u00bb theme_builder_area=\u00bbpost_content\u00bb][et_pb_column type=\u00bb1_2&#8243; _builder_version=\u00bb4.27.6&#8243; _module_preset=\u00bbdefault\u00bb global_colors_info=\u00bb{}\u00bb theme_builder_area=\u00bbpost_content\u00bb][et_pb_text _builder_version=\u00bb4.27.6&#8243; _module_preset=\u00bbdefault\u00bb text_text_color=\u00bb#162645&#8243; text_font_size=\u00bb17px\u00bb hover_enabled=\u00bb0&#8243; global_colors_info=\u00bb{}\u00bb theme_builder_area=\u00bbpost_content\u00bb sticky_enabled=\u00bb0&#8243;]<\/p>\n<p class=\"text-color-light-3 mb-4 appear-animation animated fadeInUpShorter appear-animation-visible\" data-appear-animation=\"fadeInUpShorter\" data-appear-animation-delay=\"600\">Es imposible pensar en la tarea de educar si consider\u00e1semos a escuela como una instituci\u00f3n cuya \u00fanica funci\u00f3n es la de transmitir conocimientos. Reconocemos a la familia como primera educadora, as\u00ed nos planteamos un trabajo en forma conjunta e inseparable entre familia y escuela. Entonces, nuestra tarea educativa se encuadra en acciones concretas como el acompa\u00f1ar (guiar, aconsejar, cuidar, incentivar, entre otros) a los ni\u00f1os.<\/p>\n<p class=\"text-color-light-3 mb-4 appear-animation animated fadeInUpShorter appear-animation-visible\" data-appear-animation=\"fadeInUpShorter\" data-appear-animation-delay=\"600\">Como comunidad educativa nos proponemos trabajar para construir un clima de libertad responsable y de trabajo comprometido, a trav\u00e9s del afecto, el respeto, la sinceridad y la generosidad en el hacer, el sentir, el decir.<\/p>\n<p class=\"text-color-light-3 mb-4 appear-animation animated fadeInUpShorter appear-animation-visible\" data-appear-animation=\"fadeInUpShorter\" data-appear-animation-delay=\"600\">Las normas establecidas en los Acuerdos Institucionales de Convivencia atienden al desarrollo de las siguientes dimensiones:<\/p>\n<ul>\n<li>Respeto y cuidado de las personas<\/li>\n<li>Sinceridad y no discriminaci\u00f3n<\/li>\n<li>Cuidado de las cosas<\/li>\n<li>Generosidad y solidaridad<\/li>\n<li>Responsabilidad<\/li>\n<li>Respeto por el trabajo propio y ajeno<\/li>\n<li>Valor del esfuerzo<\/li>\n<li>Desarrollo de la autonom\u00eda<\/li>\n<li>Desarrollo de actitudes solidarias y cooperativas<\/li>\n<li>Valorizaci\u00f3n de la identidad e historia institucional<\/li>\n<li>Respeto por el ambiente escolar, las instalaciones y los objetos propios y ajenos<\/li>\n<\/ul>\n<p>[\/et_pb_text][\/et_pb_column][et_pb_column type=\u00bb1_2&#8243; _builder_version=\u00bb4.27.6&#8243; _module_preset=\u00bbdefault\u00bb global_colors_info=\u00bb{}\u00bb theme_builder_area=\u00bbpost_content\u00bb][et_pb_image src=\u00bbhttps:\/\/www.csmt.edu.ar\/nuevaweb\/wp-content\/uploads\/2026\/03\/598657694_18069411839435773_7046656007925949061_n.jpeg\u00bb title_text=\u00bb598657694_18069411839435773_7046656007925949061_n\u00bb show_in_lightbox=\u00bbon\u00bb _builder_version=\u00bb4.27.6&#8243; _module_preset=\u00bbdefault\u00bb hover_enabled=\u00bb0&#8243; border_radii=\u00bbon|10px|10px|10px|10px\u00bb border_width_all=\u00bb9px\u00bb border_color_all=\u00bb#38486A\u00bb box_shadow_style=\u00bbpreset2&#8243; global_colors_info=\u00bb{}\u00bb theme_builder_area=\u00bbpost_content\u00bb sticky_enabled=\u00bb0&#8243;][\/et_pb_image][\/et_pb_column][\/et_pb_row][\/et_pb_section]<\/p>\n","protected":false},"excerpt":{"rendered":"<p>Principal &gt;\u00a0Primario \/ PerfilEs imposible pensar en la tarea de educar si consider\u00e1semos a escuela como una instituci\u00f3n cuya \u00fanica funci\u00f3n es la de transmitir conocimientos. Reconocemos a la familia como primera educadora, as\u00ed nos planteamos un trabajo en forma conjunta e inseparable entre familia y escuela. Entonces, nuestra tarea educativa se encuadra en acciones [&hellip;]<\/p>\n","protected":false},"author":1,"featured_media":0,"parent":0,"menu_order":0,"comment_status":"closed","ping_status":"closed","template":"","meta":{"_et_pb_use_builder":"on","_et_pb_old_content":"","_et_gb_content_width":"","footnotes":""},"class_list":["post-169","page","type-page","status-publish","hentry"],"_links":{"self":[{"href":"https:\/\/www.csmt.edu.ar\/nuevaweb\/index.php?rest_route=\/wp\/v2\/pages\/169","targetHints":{"allow":["GET"]}}],"collection":[{"href":"https:\/\/www.csmt.edu.ar\/nuevaweb\/index.php?rest_route=\/wp\/v2\/pages"}],"about":[{"href":"https:\/\/www.csmt.edu.ar\/nuevaweb\/index.php?rest_route=\/wp\/v2\/types\/page"}],"author":[{"embeddable":true,"href":"https:\/\/www.csmt.edu.ar\/nuevaweb\/index.php?rest_route=\/wp\/v2\/users\/1"}],"replies":[{"embeddable":true,"href":"https:\/\/www.csmt.edu.ar\/nuevaweb\/index.php?rest_route=%2Fwp%2Fv2%2Fcomments&post=169"}],"version-history":[{"count":2,"href":"https:\/\/www.csmt.edu.ar\/nuevaweb\/index.php?rest_route=\/wp\/v2\/pages\/169\/revisions"}],"predecessor-version":[{"id":173,"href":"https:\/\/www.csmt.edu.ar\/nuevaweb\/index.php?rest_route=\/wp\/v2\/pages\/169\/revisions\/173"}],"wp:attachment":[{"href":"https:\/\/www.csmt.edu.ar\/nuevaweb\/index.php?rest_route=%2Fwp%2Fv2%2Fmedia&parent=169"}],"curies":[{"name":"wp","href":"https:\/\/api.w.org\/{rel}","templated":true}]}}