{"id":102,"date":"2026-03-14T22:49:58","date_gmt":"2026-03-14T22:49:58","guid":{"rendered":"https:\/\/www.csmt.edu.ar\/nuevaweb\/?page_id=102"},"modified":"2026-03-15T15:09:23","modified_gmt":"2026-03-15T15:09:23","slug":"nivel-inicial-perfil","status":"publish","type":"page","link":"https:\/\/www.csmt.edu.ar\/nuevaweb\/?page_id=102","title":{"rendered":"Nivel\u00a0Inicial &#8211; Perfil"},"content":{"rendered":"<p>[et_pb_section fb_built=\u00bb1&#8243; _builder_version=\u00bb4.27.6&#8243; _module_preset=\u00bbdefault\u00bb background_color=\u00bb#EBC766&#8243; width=\u00bb100%\u00bb max_width=\u00bb100%\u00bb min_height=\u00bb160px\u00bb height=\u00bb160px\u00bb custom_margin=\u00bb0px||0px||true|false\u00bb custom_padding=\u00bb0px||0px||true|false\u00bb global_colors_info=\u00bb{}\u00bb][et_pb_row column_structure=\u00bb3_5,2_5&#8243; _builder_version=\u00bb4.27.6&#8243; _module_preset=\u00bbdefault\u00bb custom_margin=\u00bb0px||||false|false\u00bb custom_padding=\u00bb50px||||false|false\u00bb global_colors_info=\u00bb{}\u00bb][et_pb_column type=\u00bb3_5&#8243; _builder_version=\u00bb4.27.6&#8243; _module_preset=\u00bbdefault\u00bb global_colors_info=\u00bb{}\u00bb][et_pb_heading title=\u00bbNivel <strong>Inicial<\/strong>\u00bb _builder_version=\u00bb4.27.6&#8243; _module_preset=\u00bbdefault\u00bb title_text_color=\u00bb#162645&#8243; custom_margin=\u00bb0px||0px||true|false\u00bb custom_padding=\u00bb0px||0px||true|false\u00bb global_colors_info=\u00bb{}\u00bb][\/et_pb_heading][et_pb_heading title=\u00bbPerfil\u00bb _builder_version=\u00bb4.27.6&#8243; _module_preset=\u00bbdefault\u00bb title_text_color=\u00bb#162645&#8243; title_font_size=\u00bb17px\u00bb custom_margin=\u00bb0px||0px||true|false\u00bb custom_padding=\u00bb0px||0px||true|false\u00bb global_colors_info=\u00bb{}\u00bb][\/et_pb_heading][\/et_pb_column][et_pb_column type=\u00bb2_5&#8243; _builder_version=\u00bb4.27.6&#8243; _module_preset=\u00bbdefault\u00bb custom_css_main_element=\u00bbdisplay: flex;||justify-content: flex-end;\u00bb global_colors_info=\u00bb{}\u00bb][et_pb_text _builder_version=\u00bb4.27.6&#8243; _dynamic_attributes=\u00bblink_option_url\u00bb _module_preset=\u00bbdefault\u00bb text_text_color=\u00bb#1B4835&#8243; custom_margin=\u00bb15px||||false|false\u00bb link_option_url=\u00bb@ET-DC@eyJkeW5hbWljIjp0cnVlLCJjb250ZW50IjoicG9zdF9saW5rX3VybF9wYWdlIiwic2V0dGluZ3MiOnsicG9zdF9pZCI6IjExIn19@\u00bb hover_enabled=\u00bb0&#8243; global_colors_info=\u00bb{}\u00bb disabled_on=\u00bbon|on|off\u00bb sticky_enabled=\u00bb0&#8243;]<\/p>\n<p>Principal<strong> &gt;\u00a0<\/strong><\/p>\n<p>[\/et_pb_text][et_pb_text _builder_version=\u00bb4.27.6&#8243; _module_preset=\u00bbdefault\u00bb text_text_color=\u00bb#1B4835&#8243; custom_margin=\u00bb15px||||false|false\u00bb hover_enabled=\u00bb0&#8243; global_colors_info=\u00bb{}\u00bb disabled_on=\u00bbon|on|off\u00bb sticky_enabled=\u00bb0&#8243;]<\/p>\n<p><strong>Inicial \/ Perfil<\/strong><\/p>\n<p>[\/et_pb_text][\/et_pb_column][\/et_pb_row][\/et_pb_section][et_pb_section fb_built=\u00bb1&#8243; _builder_version=\u00bb4.27.6&#8243; _module_preset=\u00bbdefault\u00bb global_colors_info=\u00bb{}\u00bb][et_pb_row column_structure=\u00bb1_2,1_2&#8243; _builder_version=\u00bb4.27.6&#8243; _module_preset=\u00bbdefault\u00bb global_colors_info=\u00bb{}\u00bb][et_pb_column type=\u00bb1_2&#8243; _builder_version=\u00bb4.27.6&#8243; _module_preset=\u00bbdefault\u00bb global_colors_info=\u00bb{}\u00bb][et_pb_text _builder_version=\u00bb4.27.6&#8243; _module_preset=\u00bbdefault\u00bb text_text_color=\u00bb#162645&#8243; text_font_size=\u00bb17px\u00bb global_colors_info=\u00bb{}\u00bb]<\/p>\n<p class=\"text-color-light-3 mb-4 appear-animation animated fadeInUpShorter appear-animation-visible\" data-appear-animation=\"fadeInUpShorter\" data-appear-animation-delay=\"600\">Se considera que la primera infancia es un per\u00edodo clave en la historia de cada ni\u00f1o, y genera huellas relevantes para su trayectoria personal y educativa futura. Es la etapa en donde se sientan las bases del desaf\u00edo del desarrollo cognitivo, emocional y social que dan lugar a la estructura de la personalidad de los sujetos. En este sentido se afirma que la incorporaci\u00f3n temprana de los ni\u00f1os al sistema educativo, y con buenas experiencias educativas, se constituye en uno de los factores con incidencia m\u00e1s favorecedora.<\/p>\n<p class=\"text-color-light-3 mb-4 appear-animation animated fadeInUpShorter appear-animation-visible\" data-appear-animation=\"fadeInUpShorter\" data-appear-animation-delay=\"600\">Reconocemos a la familia como primera educadora, as\u00ed que nos planteamos un trabajo en forma conjunta e inseparable entre familia y escuela.<\/p>\n<p class=\"text-color-light-3 mb-4 appear-animation animated fadeInUpShorter appear-animation-visible\" data-appear-animation=\"fadeInUpShorter\" data-appear-animation-delay=\"600\">Como comunidad nos proponemos trabajar para construir un clima de libertad responsable, y de trabajo comprometido, a trav\u00e9s del afecto, el respeto, la sinceridad y la generosidad en el hacer, el sentir y el decir.<\/p>\n<p class=\"text-color-light-3 mb-4 appear-animation animated fadeInUpShorter appear-animation-visible\" data-appear-animation=\"fadeInUpShorter\" data-appear-animation-delay=\"600\">Como instituci\u00f3n que adhiere al enfoque de educaci\u00f3n inclusiva, reconocemos diferentes formas de acceder al conocimiento, que suponen cambios y flexibilizaciones, contemplando los distintos modos de aprender. Promovemos el respeto a las diferencias, impulsando la participaci\u00f3n de cada ni\u00f1o en los procesos educativos.<\/p>\n<p>[\/et_pb_text][\/et_pb_column][et_pb_column type=\u00bb1_2&#8243; _builder_version=\u00bb4.27.6&#8243; _module_preset=\u00bbdefault\u00bb global_colors_info=\u00bb{}\u00bb][et_pb_image src=\u00bbhttps:\/\/www.csmt.edu.ar\/nuevaweb\/wp-content\/uploads\/2026\/03\/587223627_18069419132435773_3216829379592122428_n.jpeg\u00bb title_text=\u00bbhistoria1&#8243; show_in_lightbox=\u00bbon\u00bb _builder_version=\u00bb4.27.6&#8243; _module_preset=\u00bbdefault\u00bb border_radii=\u00bbon|10px|10px|10px|10px\u00bb border_width_all=\u00bb9px\u00bb border_color_all=\u00bb#38486A\u00bb box_shadow_style=\u00bbpreset2&#8243; global_colors_info=\u00bb{}\u00bb][\/et_pb_image][\/et_pb_column][\/et_pb_row][\/et_pb_section]<\/p>\n","protected":false},"excerpt":{"rendered":"<p>Principal &gt;\u00a0Inicial \/ PerfilSe considera que la primera infancia es un per\u00edodo clave en la historia de cada ni\u00f1o, y genera huellas relevantes para su trayectoria personal y educativa futura. Es la etapa en donde se sientan las bases del desaf\u00edo del desarrollo cognitivo, emocional y social que dan lugar a la estructura de la [&hellip;]<\/p>\n","protected":false},"author":1,"featured_media":0,"parent":0,"menu_order":0,"comment_status":"closed","ping_status":"closed","template":"","meta":{"_et_pb_use_builder":"on","_et_pb_old_content":"","_et_gb_content_width":"","footnotes":""},"class_list":["post-102","page","type-page","status-publish","hentry"],"_links":{"self":[{"href":"https:\/\/www.csmt.edu.ar\/nuevaweb\/index.php?rest_route=\/wp\/v2\/pages\/102","targetHints":{"allow":["GET"]}}],"collection":[{"href":"https:\/\/www.csmt.edu.ar\/nuevaweb\/index.php?rest_route=\/wp\/v2\/pages"}],"about":[{"href":"https:\/\/www.csmt.edu.ar\/nuevaweb\/index.php?rest_route=\/wp\/v2\/types\/page"}],"author":[{"embeddable":true,"href":"https:\/\/www.csmt.edu.ar\/nuevaweb\/index.php?rest_route=\/wp\/v2\/users\/1"}],"replies":[{"embeddable":true,"href":"https:\/\/www.csmt.edu.ar\/nuevaweb\/index.php?rest_route=%2Fwp%2Fv2%2Fcomments&post=102"}],"version-history":[{"count":8,"href":"https:\/\/www.csmt.edu.ar\/nuevaweb\/index.php?rest_route=\/wp\/v2\/pages\/102\/revisions"}],"predecessor-version":[{"id":147,"href":"https:\/\/www.csmt.edu.ar\/nuevaweb\/index.php?rest_route=\/wp\/v2\/pages\/102\/revisions\/147"}],"wp:attachment":[{"href":"https:\/\/www.csmt.edu.ar\/nuevaweb\/index.php?rest_route=%2Fwp%2Fv2%2Fmedia&parent=102"}],"curies":[{"name":"wp","href":"https:\/\/api.w.org\/{rel}","templated":true}]}}